{"id":773,"date":"2019-07-25T11:19:00","date_gmt":"2019-07-25T08:19:00","guid":{"rendered":"https:\/\/matchthemes.com\/testin\/?page_id=773"},"modified":"2025-05-08T19:01:40","modified_gmt":"2025-05-08T16:01:40","slug":"hakkimizda","status":"publish","type":"page","link":"https:\/\/nadidemeyhane.com\/en\/hakkimizda\/","title":{"rendered":"ABOUT US"},"content":{"rendered":"<div data-elementor-type=\"wp-post\" data-elementor-id=\"773\" class=\"elementor elementor-773\">\n\t\t\t\t\t\t\t\t\t<section class=\"elementor-section elementor-top-section elementor-element elementor-element-4c7e771 elementor-section-boxed elementor-section-height-default elementor-section-height-default\" data-id=\"4c7e771\" data-element_type=\"section\">\n\t\t\t\t\t\t<div class=\"elementor-container elementor-column-gap-default\">\n\t\t\t\t\t<div class=\"elementor-column elementor-col-100 elementor-top-column elementor-element elementor-element-2a490fb\" data-id=\"2a490fb\" data-element_type=\"column\">\n\t\t\t<div class=\"elementor-widget-wrap elementor-element-populated\">\n\t\t\t\t\t\t\t\t<div class=\"elementor-element elementor-element-08c13ff elementor-widget elementor-widget-text-editor\" data-id=\"08c13ff\" data-element_type=\"widget\" data-widget_type=\"text-editor.default\">\n\t\t\t\t<div class=\"elementor-widget-container\">\n\t\t\t<style>\/*! elementor - v3.15.0 - 20-08-2023 *\/\n.elementor-widget-text-editor.elementor-drop-cap-view-stacked .elementor-drop-cap{background-color:#69727d;color:#fff}.elementor-widget-text-editor.elementor-drop-cap-view-framed .elementor-drop-cap{color:#69727d;border:3px solid;background-color:transparent}.elementor-widget-text-editor:not(.elementor-drop-cap-view-default) .elementor-drop-cap{margin-top:8px}.elementor-widget-text-editor:not(.elementor-drop-cap-view-default) .elementor-drop-cap-letter{width:1em;height:1em}.elementor-widget-text-editor .elementor-drop-cap{float:left;text-align:center;line-height:1;font-size:50px}.elementor-widget-text-editor .elementor-drop-cap-letter{display:inline-block}<\/style>\t\t\t\t<h5><em>Nadide, bir meyhaneden \u00e7ok daha fazlas\u0131.<\/em><\/h5><h5><em>\u0130stanbul\u2019un kalbinde ama \u0130stanbul\u2019da de\u011filmi\u015f gibi\u2026<\/em><\/h5><h5><em>G\u00fcvende, huzurlu, zarif ve kendine \u00f6zg\u00fc\u2026<\/em><\/h5><h5><em>Kaliteli yemekleri, \u00f6zg\u00fcn bah\u00e7eleri ve \u015f\u0131k ama rahat tasar\u0131m\u0131yla, \u00f6zel anlar\u0131n do\u011fal adresi.<\/em><\/h5><h5>\u00a0<\/h5><h5><em>Meyhane k\u00fclt\u00fcr\u00fcn\u00fc b\u00fcy\u00fck bir \u00f6zenle sahipleniyor ama ayn\u0131 zamanda ona kendine ait bir ruh kat\u0131yor.<\/em><\/h5><h5><em>Profesyonel ama samimi ekibiyle her misafir \u00f6zenle a\u011f\u0131rlan\u0131yor.<\/em><\/h5><h5>\u00a0<\/h5><h5><em>M\u00fczi\u011fiyle ayr\u0131 bir hik\u00e2ye anlat\u0131yor: \u00f6zg\u00fcn, vizyoner ve ruha dokunan se\u00e7kilerle gecelere e\u015flik ediyor.<\/em><\/h5><h5>\u00a0<\/h5><h5><em>Kad\u0131n kad\u0131na en \u00e7ok tercih edilen yerlerden biri olmas\u0131 tesad\u00fcf de\u011fil.<\/em><\/h5><h5><em>Nadide, se\u00e7kin misafirlerini \u201cNadide\u0130nsanlar\u201d olarak tan\u0131ml\u0131yor ve \u0130stanbul\u2019un en nitelikli sosyal ortamlar\u0131ndan birine ev sahipli\u011fi yap\u0131yor.<\/em><\/h5><h5>\u00a0<\/h5><h5><em>Dostlarla derin sohbetler, sevgiliyle unutulmaz bir ak\u015fam, aileyle payla\u015f\u0131lan huzurlu bir masa\u2026<\/em><\/h5><h5><em>Her an\u0131 kendine has, her gecesi bir hat\u0131ra.<\/em><\/h5><h5>\u00a0<\/h5><h5><em>Bah\u00e7elerinde a\u015fklar ba\u015flar, ba\u015far\u0131lar kutlan\u0131r, do\u011fum g\u00fcnleri unutulmaz olur.<\/em><\/h5><h5><em>S\u0131radan bir ak\u015fam, ola\u011fan\u00fcst\u00fc bir ana d\u00f6n\u00fc\u015f\u00fcr.<\/em><\/h5><h5>\u00a0<\/h5><h5><em>Belki de bu y\u00fczden, \u201cd\u00fcnyan\u0131n en iyi meyhane konsepti\u201d diyebilece\u011fimiz yer tam da buras\u0131.<\/em><\/h5>\t\t\t\t\t\t<\/div>\n\t\t\t\t<\/div>\n\t\t\t\t\t<\/div>\n\t\t<\/div>\n\t\t\t\t\t\t\t<\/div>\n\t\t<\/section>\n\t\t\t\t\t\t\t<\/div>","protected":false},"excerpt":{"rendered":"<p>Nadide, bir meyhaneden \u00e7ok daha fazlas\u0131. \u0130stanbul\u2019un kalbinde ama \u0130stanbul\u2019da de\u011filmi\u015f gibi\u2026 G\u00fcvende, huzurlu, zarif ve kendine \u00f6zg\u00fc\u2026 Kaliteli yemekleri, \u00f6zg\u00fcn bah\u00e7eleri ve \u015f\u0131k ama rahat tasar\u0131m\u0131yla, \u00f6zel anlar\u0131n do\u011fal adresi. \u00a0 Meyhane k\u00fclt\u00fcr\u00fcn\u00fc b\u00fcy\u00fck bir \u00f6zenle sahipleniyor ama ayn\u0131 zamanda ona kendine ait bir ruh kat\u0131yor. Profesyonel ama samimi ekibiyle her misafir \u00f6zenle a\u011f\u0131rlan\u0131yor. \u00a0 M\u00fczi\u011fiyle ayr\u0131 bir hik\u00e2ye&#8230;<\/p>","protected":false},"author":1,"featured_media":1797,"parent":0,"menu_order":0,"comment_status":"closed","ping_status":"closed","template":"my-templates\/template-fullscreen.php","meta":{"footnotes":""},"class_list":["post-773","page","type-page","status-publish","has-post-thumbnail","hentry"],"acf":[],"_links":{"self":[{"href":"https:\/\/nadidemeyhane.com\/en\/wp-json\/wp\/v2\/pages\/773","targetHints":{"allow":["GET"]}}],"collection":[{"href":"https:\/\/nadidemeyhane.com\/en\/wp-json\/wp\/v2\/pages"}],"about":[{"href":"https:\/\/nadidemeyhane.com\/en\/wp-json\/wp\/v2\/types\/page"}],"author":[{"embeddable":true,"href":"https:\/\/nadidemeyhane.com\/en\/wp-json\/wp\/v2\/users\/1"}],"replies":[{"embeddable":true,"href":"https:\/\/nadidemeyhane.com\/en\/wp-json\/wp\/v2\/comments?post=773"}],"version-history":[{"count":22,"href":"https:\/\/nadidemeyhane.com\/en\/wp-json\/wp\/v2\/pages\/773\/revisions"}],"predecessor-version":[{"id":2097,"href":"https:\/\/nadidemeyhane.com\/en\/wp-json\/wp\/v2\/pages\/773\/revisions\/2097"}],"wp:featuredmedia":[{"embeddable":true,"href":"https:\/\/nadidemeyhane.com\/en\/wp-json\/wp\/v2\/media\/1797"}],"wp:attachment":[{"href":"https:\/\/nadidemeyhane.com\/en\/wp-json\/wp\/v2\/media?parent=773"}],"curies":[{"name":"wp","href":"https:\/\/api.w.org\/{rel}","templated":true}]}}