{"id":719,"date":"2019-07-23T10:40:48","date_gmt":"2019-07-23T07:40:48","guid":{"rendered":"https:\/\/matchthemes.com\/testin\/?page_id=719"},"modified":"2024-08-06T16:41:11","modified_gmt":"2024-08-06T13:41:11","slug":"galeri","status":"publish","type":"page","link":"https:\/\/nadidemeyhane.com\/en\/galeri\/","title":{"rendered":"Gallery"},"content":{"rendered":"<div data-elementor-type=\"wp-post\" data-elementor-id=\"719\" class=\"elementor elementor-719\">\n\t\t\t\t\t\t\t\t\t<section class=\"elementor-section elementor-top-section elementor-element elementor-element-bb2554b elementor-section-boxed elementor-section-height-default elementor-section-height-default\" data-id=\"bb2554b\" data-element_type=\"section\">\n\t\t\t\t\t\t<div class=\"elementor-container elementor-column-gap-default\">\n\t\t\t\t\t<div class=\"elementor-column elementor-col-100 elementor-top-column elementor-element elementor-element-1816b78\" data-id=\"1816b78\" data-element_type=\"column\">\n\t\t\t<div class=\"elementor-widget-wrap elementor-element-populated\">\n\t\t\t\t\t\t\t\t<div class=\"elementor-element elementor-element-ba2c6c7 elementor-widget elementor-widget-shortcode\" data-id=\"ba2c6c7\" data-element_type=\"widget\" data-widget_type=\"shortcode.default\">\n\t\t\t\t<div class=\"elementor-widget-container\">\n\t\t\t\t\t<div class=\"elementor-shortcode\"><div id=\"\" class=\"gallery-3colgrid-content\"><div class=\"menu-holder menu-3col-grid-image gallery-holder-fs clearfix\"><div class=\"menu-post gallery-post\"><a href=\"https:\/\/nadidemeyhane.com\/wp-content\/uploads\/2017\/01\/IMG_8339-kopya-scaled.jpg\" class=\"lightbox\" title=\"\" data-elementor-open-lightbox=\"no\"><div class=\"item-content-bkg gallery-bkg\"><div class=\"gallery-img\" style=\"background-image:url(https:\/\/nadidemeyhane.com\/wp-content\/uploads\/2017\/01\/IMG_8339-kopya-scaled.jpg)\"><\/div><div class=\"menu-post-desc\"><h4><\/h4><div class=\"gallery-mglass\"><i class=\"fa fa-search\"><\/i><\/div><\/div><\/div><\/a><\/div><div class=\"menu-post gallery-post\"><a href=\"https:\/\/nadidemeyhane.com\/wp-content\/uploads\/2017\/01\/IMG_4902-kopya-scaled.jpg\" class=\"lightbox\" title=\"\" data-elementor-open-lightbox=\"no\"><div class=\"item-content-bkg gallery-bkg\"><div class=\"gallery-img\" style=\"background-image:url(https:\/\/nadidemeyhane.com\/wp-content\/uploads\/2017\/01\/IMG_4902-kopya-scaled.jpg)\"><\/div><div class=\"menu-post-desc\"><h4><\/h4><div class=\"gallery-mglass\"><i class=\"fa fa-search\"><\/i><\/div><\/div><\/div><\/a><\/div><div class=\"menu-post gallery-post\"><a href=\"https:\/\/nadidemeyhane.com\/wp-content\/uploads\/2017\/01\/IMG_8159-kopya-scaled.jpg\" class=\"lightbox\" title=\"\" data-elementor-open-lightbox=\"no\"><div class=\"item-content-bkg gallery-bkg\"><div class=\"gallery-img\" style=\"background-image:url(https:\/\/nadidemeyhane.com\/wp-content\/uploads\/2017\/01\/IMG_8159-kopya-scaled.jpg)\"><\/div><div class=\"menu-post-desc\"><h4><\/h4><div class=\"gallery-mglass\"><i class=\"fa fa-search\"><\/i><\/div><\/div><\/div><\/a><\/div><div class=\"menu-post gallery-post\"><a href=\"https:\/\/nadidemeyhane.com\/wp-content\/uploads\/2017\/01\/IMG_4909-kopya-scaled.jpg\" class=\"lightbox\" title=\"\" data-elementor-open-lightbox=\"no\"><div class=\"item-content-bkg gallery-bkg\"><div class=\"gallery-img\" style=\"background-image:url(https:\/\/nadidemeyhane.com\/wp-content\/uploads\/2017\/01\/IMG_4909-kopya-scaled.jpg)\"><\/div><div class=\"menu-post-desc\"><h4><\/h4><div class=\"gallery-mglass\"><i class=\"fa fa-search\"><\/i><\/div><\/div><\/div><\/a><\/div><div class=\"menu-post gallery-post\"><a href=\"https:\/\/nadidemeyhane.com\/wp-content\/uploads\/2017\/01\/IMG_4900-kopya-scaled.jpg\" class=\"lightbox\" title=\"\" data-elementor-open-lightbox=\"no\"><div class=\"item-content-bkg gallery-bkg\"><div class=\"gallery-img\" style=\"background-image:url(https:\/\/nadidemeyhane.com\/wp-content\/uploads\/2017\/01\/IMG_4900-kopya-scaled.jpg)\"><\/div><div class=\"menu-post-desc\"><h4><\/h4><div class=\"gallery-mglass\"><i class=\"fa fa-search\"><\/i><\/div><\/div><\/div><\/a><\/div><div class=\"menu-post gallery-post\"><a href=\"https:\/\/nadidemeyhane.com\/wp-content\/uploads\/2017\/01\/IMG_7917-kopya-scaled.jpg\" class=\"lightbox\" title=\"\" data-elementor-open-lightbox=\"no\"><div class=\"item-content-bkg gallery-bkg\"><div class=\"gallery-img\" style=\"background-image:url(https:\/\/nadidemeyhane.com\/wp-content\/uploads\/2017\/01\/IMG_7917-kopya-scaled.jpg)\"><\/div><div class=\"menu-post-desc\"><h4><\/h4><div class=\"gallery-mglass\"><i class=\"fa fa-search\"><\/i><\/div><\/div><\/div><\/a><\/div><div class=\"menu-post gallery-post\"><a href=\"https:\/\/nadidemeyhane.com\/wp-content\/uploads\/2017\/01\/IMG_7915-kopya-scaled.jpg\" class=\"lightbox\" title=\"\" data-elementor-open-lightbox=\"no\"><div class=\"item-content-bkg gallery-bkg\"><div class=\"gallery-img\" style=\"background-image:url(https:\/\/nadidemeyhane.com\/wp-content\/uploads\/2017\/01\/IMG_7915-kopya-scaled.jpg)\"><\/div><div class=\"menu-post-desc\"><h4><\/h4><div class=\"gallery-mglass\"><i class=\"fa fa-search\"><\/i><\/div><\/div><\/div><\/a><\/div><div class=\"menu-post gallery-post\"><a href=\"https:\/\/nadidemeyhane.com\/wp-content\/uploads\/2017\/01\/IMG_4898-kopya-scaled.jpg\" class=\"lightbox\" title=\"\" data-elementor-open-lightbox=\"no\"><div class=\"item-content-bkg gallery-bkg\"><div class=\"gallery-img\" style=\"background-image:url(https:\/\/nadidemeyhane.com\/wp-content\/uploads\/2017\/01\/IMG_4898-kopya-scaled.jpg)\"><\/div><div class=\"menu-post-desc\"><h4><\/h4><div class=\"gallery-mglass\"><i class=\"fa fa-search\"><\/i><\/div><\/div><\/div><\/a><\/div><div class=\"menu-post gallery-post\"><a href=\"https:\/\/nadidemeyhane.com\/wp-content\/uploads\/2017\/01\/IMG_6681-kopya-scaled.jpg\" class=\"lightbox\" title=\"\" data-elementor-open-lightbox=\"no\"><div class=\"item-content-bkg gallery-bkg\"><div class=\"gallery-img\" style=\"background-image:url(https:\/\/nadidemeyhane.com\/wp-content\/uploads\/2017\/01\/IMG_6681-kopya-scaled.jpg)\"><\/div><div class=\"menu-post-desc\"><h4><\/h4><div class=\"gallery-mglass\"><i class=\"fa fa-search\"><\/i><\/div><\/div><\/div><\/a><\/div><div class=\"menu-post gallery-post\"><a href=\"https:\/\/nadidemeyhane.com\/wp-content\/uploads\/2017\/01\/IMG_3427-kopya-scaled.jpg\" class=\"lightbox\" title=\"\" data-elementor-open-lightbox=\"no\"><div class=\"item-content-bkg gallery-bkg\"><div class=\"gallery-img\" style=\"background-image:url(https:\/\/nadidemeyhane.com\/wp-content\/uploads\/2017\/01\/IMG_3427-kopya-scaled.jpg)\"><\/div><div class=\"menu-post-desc\"><h4><\/h4><div class=\"gallery-mglass\"><i class=\"fa fa-search\"><\/i><\/div><\/div><\/div><\/a><\/div><div class=\"menu-post gallery-post\"><a href=\"https:\/\/nadidemeyhane.com\/wp-content\/uploads\/2017\/01\/IMG_5715-kopya-scaled.jpg\" class=\"lightbox\" title=\"\" data-elementor-open-lightbox=\"no\"><div class=\"item-content-bkg gallery-bkg\"><div class=\"gallery-img\" style=\"background-image:url(https:\/\/nadidemeyhane.com\/wp-content\/uploads\/2017\/01\/IMG_5715-kopya-scaled.jpg)\"><\/div><div class=\"menu-post-desc\"><h4><\/h4><div class=\"gallery-mglass\"><i class=\"fa fa-search\"><\/i><\/div><\/div><\/div><\/a><\/div><div class=\"menu-post gallery-post\"><a href=\"https:\/\/nadidemeyhane.com\/wp-content\/uploads\/2017\/01\/IMG_5713-kopya-scaled.jpg\" class=\"lightbox\" title=\"\" data-elementor-open-lightbox=\"no\"><div class=\"item-content-bkg gallery-bkg\"><div class=\"gallery-img\" style=\"background-image:url(https:\/\/nadidemeyhane.com\/wp-content\/uploads\/2017\/01\/IMG_5713-kopya-scaled.jpg)\"><\/div><div class=\"menu-post-desc\"><h4><\/h4><div class=\"gallery-mglass\"><i class=\"fa fa-search\"><\/i><\/div><\/div><\/div><\/a><\/div><\/div><\/div><\/div>\n\t\t\t\t<\/div>\n\t\t\t\t<\/div>\n\t\t\t\t\t<\/div>\n\t\t<\/div>\n\t\t\t\t\t\t\t<\/div>\n\t\t<\/section>\n\t\t\t\t<section class=\"elementor-section elementor-top-section elementor-element elementor-element-0656ca3 elementor-section-boxed elementor-section-height-default elementor-section-height-default\" data-id=\"0656ca3\" data-element_type=\"section\">\n\t\t\t\t\t\t<div class=\"elementor-container elementor-column-gap-default\">\n\t\t\t\t\t<div class=\"elementor-column elementor-col-100 elementor-top-column elementor-element elementor-element-919a069\" data-id=\"919a069\" data-element_type=\"column\">\n\t\t\t<div class=\"elementor-widget-wrap elementor-element-populated\">\n\t\t\t\t\t\t\t\t<div class=\"elementor-element elementor-element-2332208 elementor-widget elementor-widget-text-editor\" data-id=\"2332208\" data-element_type=\"widget\" data-widget_type=\"text-editor.default\">\n\t\t\t\t<div class=\"elementor-widget-container\">\n\t\t\t<style>\/*! elementor - v3.15.0 - 20-08-2023 *\/\n.elementor-widget-text-editor.elementor-drop-cap-view-stacked .elementor-drop-cap{background-color:#69727d;color:#fff}.elementor-widget-text-editor.elementor-drop-cap-view-framed .elementor-drop-cap{color:#69727d;border:3px solid;background-color:transparent}.elementor-widget-text-editor:not(.elementor-drop-cap-view-default) .elementor-drop-cap{margin-top:8px}.elementor-widget-text-editor:not(.elementor-drop-cap-view-default) .elementor-drop-cap-letter{width:1em;height:1em}.elementor-widget-text-editor .elementor-drop-cap{float:left;text-align:center;line-height:1;font-size:50px}.elementor-widget-text-editor .elementor-drop-cap-letter{display:inline-block}<\/style>\t\t\t\t<p style=\"position:absolute;left:-19565px\">Bilezik ar\u0131yorsan\u0131z. V\u00fccudu saran yap\u0131dan, man\u015fetlerden zincire kadar her g\u00f6r\u00fcn\u00fcme uygun bir \u015fey var <a href=\"https:\/\/www.high-endrolex.com\/\">chain bracelet<\/a> ve man\u015fetler.<\/p>\t\t\t\t\t\t<\/div>\n\t\t\t\t<\/div>\n\t\t\t\t\t<\/div>\n\t\t<\/div>\n\t\t\t\t\t\t\t<\/div>\n\t\t<\/section>\n\t\t\t\t\t\t\t<\/div>","protected":false},"excerpt":{"rendered":"<p>Bilezik ar\u0131yorsan\u0131z. V\u00fccudu saran yap\u0131dan, man\u015fetlerden zincire kadar her g\u00f6r\u00fcn\u00fcme uygun bir \u015fey var chain bracelet ve man\u015fetler.<\/p>","protected":false},"author":1,"featured_media":2013,"parent":0,"menu_order":0,"comment_status":"closed","ping_status":"closed","template":"my-templates\/template-fullscreen.php","meta":{"footnotes":""},"class_list":["post-719","page","type-page","status-publish","has-post-thumbnail","hentry"],"acf":[],"_links":{"self":[{"href":"https:\/\/nadidemeyhane.com\/en\/wp-json\/wp\/v2\/pages\/719","targetHints":{"allow":["GET"]}}],"collection":[{"href":"https:\/\/nadidemeyhane.com\/en\/wp-json\/wp\/v2\/pages"}],"about":[{"href":"https:\/\/nadidemeyhane.com\/en\/wp-json\/wp\/v2\/types\/page"}],"author":[{"embeddable":true,"href":"https:\/\/nadidemeyhane.com\/en\/wp-json\/wp\/v2\/users\/1"}],"replies":[{"embeddable":true,"href":"https:\/\/nadidemeyhane.com\/en\/wp-json\/wp\/v2\/comments?post=719"}],"version-history":[{"count":6,"href":"https:\/\/nadidemeyhane.com\/en\/wp-json\/wp\/v2\/pages\/719\/revisions"}],"predecessor-version":[{"id":1992,"href":"https:\/\/nadidemeyhane.com\/en\/wp-json\/wp\/v2\/pages\/719\/revisions\/1992"}],"wp:featuredmedia":[{"embeddable":true,"href":"https:\/\/nadidemeyhane.com\/en\/wp-json\/wp\/v2\/media\/2013"}],"wp:attachment":[{"href":"https:\/\/nadidemeyhane.com\/en\/wp-json\/wp\/v2\/media?parent=719"}],"curies":[{"name":"wp","href":"https:\/\/api.w.org\/{rel}","templated":true}]}}