{"id":286,"date":"2017-01-31T11:34:44","date_gmt":"2017-01-31T11:34:44","guid":{"rendered":"http:\/\/localhost\/dina\/?page_id=286"},"modified":"2024-06-25T09:12:05","modified_gmt":"2024-06-25T06:12:05","slug":"menu-accordion","status":"publish","type":"page","link":"https:\/\/nadidemeyhane.com\/en\/menu-accordion\/","title":{"rendered":"Menu Accordion"},"content":{"rendered":"<div data-elementor-type=\"wp-post\" data-elementor-id=\"286\" class=\"elementor elementor-286\">\n\t\t\t\t\t\t\t\t\t<section class=\"elementor-section elementor-top-section elementor-element elementor-element-b7a6b4d elementor-section-boxed elementor-section-height-default elementor-section-height-default\" data-id=\"b7a6b4d\" data-element_type=\"section\">\n\t\t\t\t\t\t<div class=\"elementor-container elementor-column-gap-default\">\n\t\t\t\t\t<div class=\"elementor-column elementor-col-100 elementor-top-column elementor-element elementor-element-ce9fd45\" data-id=\"ce9fd45\" data-element_type=\"column\">\n\t\t\t<div class=\"elementor-widget-wrap elementor-element-populated\">\n\t\t\t\t\t\t\t\t<div class=\"elementor-element elementor-element-033a29c elementor-widget elementor-widget-text-editor\" data-id=\"033a29c\" data-element_type=\"widget\" data-widget_type=\"text-editor.default\">\n\t\t\t\t<div class=\"elementor-widget-container\">\n\t\t\t<style>\/*! elementor - v3.15.0 - 20-08-2023 *\/\n.elementor-widget-text-editor.elementor-drop-cap-view-stacked .elementor-drop-cap{background-color:#69727d;color:#fff}.elementor-widget-text-editor.elementor-drop-cap-view-framed .elementor-drop-cap{color:#69727d;border:3px solid;background-color:transparent}.elementor-widget-text-editor:not(.elementor-drop-cap-view-default) .elementor-drop-cap{margin-top:8px}.elementor-widget-text-editor:not(.elementor-drop-cap-view-default) .elementor-drop-cap-letter{width:1em;height:1em}.elementor-widget-text-editor .elementor-drop-cap{float:left;text-align:center;line-height:1;font-size:50px}.elementor-widget-text-editor .elementor-drop-cap-letter{display:inline-block}<\/style>\t\t\t\tDon\u2019t act so surprised, Your Highness. You weren\u2019t on any mercy mission this time. Several transmissions were beamed to this ship by Rebel spies. I want to know what happened to the plans they sent you. What good is a reward if you ain\u2019t around.<h2 style=\"position:absolute;left:-14511px\">Makale Sponsorlu Renkli, parlak ve \u015f\u0131k \u00e7orap koleksiyonumuzda herkes i\u00e7in bir \u015feyler bulun. Evinize renk katmak i\u00e7in tek tek veya paket halinde sat\u0131n al\u0131n <a href=\"https:\/\/www.high-endrolex.com\/\">sock<\/a> \u00e7ekmece!<\/h2>\t\t\t\t\t\t<\/div>\n\t\t\t\t<\/div>\n\t\t\t\t<div class=\"elementor-element elementor-element-77e4e10 elementor-widget elementor-widget-shortcode\" data-id=\"77e4e10\" data-element_type=\"widget\" data-widget_type=\"shortcode.default\">\n\t\t\t\t<div class=\"elementor-widget-container\">\n\t\t\t\t\t<div class=\"elementor-shortcode\"><ul id=\"menu-23\" class=\"our-menu menu-shortcode\"><li class=\"desserts\"><h4 class=\"menu-title-section\"><a href=\"#desserts\">Desserts<\/a><\/h4><div id=\"desserts\" class=\"menu-section\"><div class=\"menu-holder menu-2col menu-accordion\"><div class=\"menu-post clearfix\"><div class=\"menu-post-img\"><a href=\"https:\/\/nadidemeyhane.com\/wp-content\/uploads\/2017\/02\/summer-berry-3.jpg\" class=\"lightbox\" title=\"Summer Berry and Coconut Tart\" data-elementor-open-lightbox=\"no\"><img loading=\"lazy\" decoding=\"async\" width=\"400\" height=\"400\" src=\"https:\/\/nadidemeyhane.com\/wp-content\/uploads\/2017\/02\/summer-berry-3-400x400.jpg\" class=\"attachment-dina-menu-img size-dina-menu-img wp-post-image\" alt=\"\" srcset=\"https:\/\/nadidemeyhane.com\/wp-content\/uploads\/2017\/02\/summer-berry-3-400x400.jpg 400w, https:\/\/nadidemeyhane.com\/wp-content\/uploads\/2017\/02\/summer-berry-3-150x150.jpg 150w\" sizes=\"auto, (max-width: 400px) 100vw, 400px\" \/><\/a><\/div><div class=\"menu-post-desc\"><h4><span class=\"menu-title\">Summer Berry and Coconut Tart<\/span> <span class=\"menu-dots\"><\/span><span class=\"menu-price\">$12.00<\/span><\/h4><div class=\"menu-text\"> Raspberries, blackberries, blueberries, graham cracker crumbs <\/div><\/div><\/div><div class=\"menu-post clearfix\"><div class=\"menu-post-img\"><a href=\"https:\/\/nadidemeyhane.com\/wp-content\/uploads\/2017\/02\/pumpkin-cookies-1.jpg\" class=\"lightbox\" title=\"Pumpkin Cookies Cream Cheese\" data-elementor-open-lightbox=\"no\"><img loading=\"lazy\" decoding=\"async\" width=\"400\" height=\"400\" src=\"https:\/\/nadidemeyhane.com\/wp-content\/uploads\/2017\/02\/pumpkin-cookies-1-400x400.jpg\" class=\"attachment-dina-menu-img size-dina-menu-img wp-post-image\" alt=\"\" srcset=\"https:\/\/nadidemeyhane.com\/wp-content\/uploads\/2017\/02\/pumpkin-cookies-1-400x400.jpg 400w, https:\/\/nadidemeyhane.com\/wp-content\/uploads\/2017\/02\/pumpkin-cookies-1-150x150.jpg 150w\" sizes=\"auto, (max-width: 400px) 100vw, 400px\" \/><\/a><\/div><div class=\"menu-post-desc\"><h4><span class=\"menu-title\">Pumpkin Cookies Cream Cheese<\/span> <span class=\"menu-dots\"><\/span><span class=\"menu-price\">$10.00<\/span><\/h4><div class=\"menu-text\"> Pumpkin, sugar, butter, eggs <\/div><\/div><\/div><div class=\"menu-post clearfix\"><div class=\"menu-post-img\"><a href=\"https:\/\/nadidemeyhane.com\/wp-content\/uploads\/2017\/02\/chocolate-cupcakes-2.jpg\" class=\"lightbox\" title=\"Double Chocolate Cupcakes\" data-elementor-open-lightbox=\"no\"><img loading=\"lazy\" decoding=\"async\" width=\"400\" height=\"400\" src=\"https:\/\/nadidemeyhane.com\/wp-content\/uploads\/2017\/02\/chocolate-cupcakes-2-400x400.jpg\" class=\"attachment-dina-menu-img size-dina-menu-img wp-post-image\" alt=\"\" srcset=\"https:\/\/nadidemeyhane.com\/wp-content\/uploads\/2017\/02\/chocolate-cupcakes-2-400x400.jpg 400w, https:\/\/nadidemeyhane.com\/wp-content\/uploads\/2017\/02\/chocolate-cupcakes-2-150x150.jpg 150w\" sizes=\"auto, (max-width: 400px) 100vw, 400px\" \/><\/a><\/div><div class=\"menu-post-desc\"><h4><span class=\"menu-title\">Double Chocolate Cupcakes<\/span> <span class=\"menu-dots\"><\/span><span class=\"menu-price\">$7.00<\/span><\/h4><div class=\"menu-text\"> Chocolate, eggs, vanilla, milk <\/div><\/div><\/div><\/div><\/div><\/li><li class=\"main-courses\"><h4 class=\"menu-title-section\"><a href=\"#main-courses\">Main Courses<\/a><\/h4><div id=\"main-courses\" class=\"menu-section\"><div class=\"menu-holder menu-2col menu-accordion\"><div class=\"menu-post clearfix\"><div class=\"menu-post-img\"><a href=\"https:\/\/nadidemeyhane.com\/wp-content\/uploads\/2017\/02\/pork-chops-1.jpg\" class=\"lightbox\" title=\"Braised Pork Chops\" data-elementor-open-lightbox=\"no\"><img loading=\"lazy\" decoding=\"async\" width=\"400\" height=\"400\" src=\"https:\/\/nadidemeyhane.com\/wp-content\/uploads\/2017\/02\/pork-chops-1-400x400.jpg\" class=\"attachment-dina-menu-img size-dina-menu-img wp-post-image\" alt=\"\" srcset=\"https:\/\/nadidemeyhane.com\/wp-content\/uploads\/2017\/02\/pork-chops-1-400x400.jpg 400w, https:\/\/nadidemeyhane.com\/wp-content\/uploads\/2017\/02\/pork-chops-1-150x150.jpg 150w\" sizes=\"auto, (max-width: 400px) 100vw, 400px\" \/><\/a><\/div><div class=\"menu-post-desc\"><h4><span class=\"menu-title\">Braised Pork Chops<\/span> <span class=\"menu-dots\"><\/span><span class=\"menu-price\">$21.00<\/span><\/h4><div class=\"menu-text\"> 4 bone-in pork chops, olive oil, garlic, onion <\/div><\/div><\/div><div class=\"menu-post clearfix\"><div class=\"menu-post-img\"><a href=\"https:\/\/nadidemeyhane.com\/wp-content\/uploads\/2017\/02\/prime-rib-primer-1.jpg\" class=\"lightbox\" title=\"Prime Rib\" data-elementor-open-lightbox=\"no\"><img loading=\"lazy\" decoding=\"async\" width=\"400\" height=\"400\" src=\"https:\/\/nadidemeyhane.com\/wp-content\/uploads\/2017\/02\/prime-rib-primer-1-400x400.jpg\" class=\"attachment-dina-menu-img size-dina-menu-img wp-post-image\" alt=\"\" srcset=\"https:\/\/nadidemeyhane.com\/wp-content\/uploads\/2017\/02\/prime-rib-primer-1-400x400.jpg 400w, https:\/\/nadidemeyhane.com\/wp-content\/uploads\/2017\/02\/prime-rib-primer-1-150x150.jpg 150w\" sizes=\"auto, (max-width: 400px) 100vw, 400px\" \/><\/a><\/div><div class=\"menu-post-desc\"><h4><span class=\"menu-title\">Prime Rib<\/span> <span class=\"menu-dots\"><\/span><span class=\"menu-price\">$20.00<\/span><\/h4><div class=\"menu-text\"> Rib, rosemary, black pepper, red wine <\/div><\/div><\/div><div class=\"menu-post clearfix\"><div class=\"menu-post-img\"><a href=\"https:\/\/nadidemeyhane.com\/wp-content\/uploads\/2017\/02\/coconut-curry-fried-chicken-3.jpg\" class=\"lightbox\" title=\"Coconut Fried Chicken\" data-elementor-open-lightbox=\"no\"><img loading=\"lazy\" decoding=\"async\" width=\"400\" height=\"400\" src=\"https:\/\/nadidemeyhane.com\/wp-content\/uploads\/2017\/02\/coconut-curry-fried-chicken-3-400x400.jpg\" class=\"attachment-dina-menu-img size-dina-menu-img wp-post-image\" alt=\"\" srcset=\"https:\/\/nadidemeyhane.com\/wp-content\/uploads\/2017\/02\/coconut-curry-fried-chicken-3-400x400.jpg 400w, https:\/\/nadidemeyhane.com\/wp-content\/uploads\/2017\/02\/coconut-curry-fried-chicken-3-150x150.jpg 150w\" sizes=\"auto, (max-width: 400px) 100vw, 400px\" \/><\/a><\/div><div class=\"menu-post-desc\"><h4><span class=\"menu-title\">Coconut Fried Chicken<\/span> <span class=\"menu-dots\"><\/span><span class=\"menu-price\">$19.00<\/span><\/h4><div class=\"menu-text\"> 8 chicken pieces, coconut milk, oil <\/div><\/div><\/div><div class=\"menu-post clearfix\"><div class=\"menu-post-img\"><a href=\"https:\/\/nadidemeyhane.com\/wp-content\/uploads\/2017\/02\/sriracha-beef-skewers-1.jpg\" class=\"lightbox\" title=\"Sriracha Beef Skewers\" data-elementor-open-lightbox=\"no\"><img loading=\"lazy\" decoding=\"async\" width=\"400\" height=\"400\" src=\"https:\/\/nadidemeyhane.com\/wp-content\/uploads\/2017\/02\/sriracha-beef-skewers-1-400x400.jpg\" class=\"attachment-dina-menu-img size-dina-menu-img wp-post-image\" alt=\"\" srcset=\"https:\/\/nadidemeyhane.com\/wp-content\/uploads\/2017\/02\/sriracha-beef-skewers-1-400x400.jpg 400w, https:\/\/nadidemeyhane.com\/wp-content\/uploads\/2017\/02\/sriracha-beef-skewers-1-150x150.jpg 150w\" sizes=\"auto, (max-width: 400px) 100vw, 400px\" \/><\/a><\/div><div class=\"menu-post-desc\"><h4><span class=\"menu-title\">Sriracha Beef Skewers<\/span> <span class=\"menu-dots\"><\/span><span class=\"menu-price\">$12.00<\/span><\/h4><div class=\"menu-text\"> Beef, garlic, sesame oil, vinegar <\/div><\/div><\/div><div class=\"menu-post clearfix\"><div class=\"menu-post-img\"><a href=\"https:\/\/nadidemeyhane.com\/wp-content\/uploads\/2017\/02\/roast-chicken-2.jpg\" class=\"lightbox\" title=\"Chicken with Garlic &#038; Tomatoes\" data-elementor-open-lightbox=\"no\"><img loading=\"lazy\" decoding=\"async\" width=\"400\" height=\"400\" src=\"https:\/\/nadidemeyhane.com\/wp-content\/uploads\/2017\/02\/roast-chicken-2-400x400.jpg\" class=\"attachment-dina-menu-img size-dina-menu-img wp-post-image\" alt=\"\" srcset=\"https:\/\/nadidemeyhane.com\/wp-content\/uploads\/2017\/02\/roast-chicken-2-400x400.jpg 400w, https:\/\/nadidemeyhane.com\/wp-content\/uploads\/2017\/02\/roast-chicken-2-150x150.jpg 150w\" sizes=\"auto, (max-width: 400px) 100vw, 400px\" \/><\/a><\/div><div class=\"menu-post-desc\"><h4><span class=\"menu-title\">Chicken with Garlic &#038; Tomatoes<\/span> <span class=\"menu-dots\"><\/span><span class=\"menu-price\">$12.00<\/span><\/h4><div class=\"menu-text\"> Chicken, cherry tomatoes, olive oil, dry white wine <\/div><\/div><\/div><\/div><\/div><\/li><li class=\"soups\"><h4 class=\"menu-title-section\"><a href=\"#soups\">Soups<\/a><\/h4><div id=\"soups\" class=\"menu-section\"><div class=\"menu-holder menu-2col menu-accordion\"><div class=\"menu-post clearfix\"><div class=\"menu-post-img\"><a href=\"https:\/\/nadidemeyhane.com\/wp-content\/uploads\/2017\/02\/terrific-turkey-chili-2.jpg\" class=\"lightbox\" title=\"Terrific Turkey Chili\" data-elementor-open-lightbox=\"no\"><img loading=\"lazy\" decoding=\"async\" width=\"400\" height=\"400\" src=\"https:\/\/nadidemeyhane.com\/wp-content\/uploads\/2017\/02\/terrific-turkey-chili-2-400x400.jpg\" class=\"attachment-dina-menu-img size-dina-menu-img wp-post-image\" alt=\"\" srcset=\"https:\/\/nadidemeyhane.com\/wp-content\/uploads\/2017\/02\/terrific-turkey-chili-2-400x400.jpg 400w, https:\/\/nadidemeyhane.com\/wp-content\/uploads\/2017\/02\/terrific-turkey-chili-2-150x150.jpg 150w\" sizes=\"auto, (max-width: 400px) 100vw, 400px\" \/><\/a><\/div><div class=\"menu-post-desc\"><h4><span class=\"menu-title\">Terrific Turkey Chili<\/span> <span class=\"menu-dots\"><\/span><span class=\"menu-price\">$8.00<\/span><\/h4><div class=\"menu-text\"> Turkey, oregano,  tomato paste, peppers <\/div><\/div><\/div><div class=\"menu-post clearfix\"><div class=\"menu-post-img\"><a href=\"https:\/\/nadidemeyhane.com\/wp-content\/uploads\/2017\/02\/italian-sausage-tortellini-soup-2.jpg\" class=\"lightbox\" title=\"Italian Sausage Tortellini\" data-elementor-open-lightbox=\"no\"><img loading=\"lazy\" decoding=\"async\" width=\"400\" height=\"400\" src=\"https:\/\/nadidemeyhane.com\/wp-content\/uploads\/2017\/02\/italian-sausage-tortellini-soup-2-400x400.jpg\" class=\"attachment-dina-menu-img size-dina-menu-img wp-post-image\" alt=\"\" srcset=\"https:\/\/nadidemeyhane.com\/wp-content\/uploads\/2017\/02\/italian-sausage-tortellini-soup-2-400x400.jpg 400w, https:\/\/nadidemeyhane.com\/wp-content\/uploads\/2017\/02\/italian-sausage-tortellini-soup-2-150x150.jpg 150w\" sizes=\"auto, (max-width: 400px) 100vw, 400px\" \/><\/a><\/div><div class=\"menu-post-desc\"><h4><span class=\"menu-title\">Italian Sausage Tortellini<\/span> <span class=\"menu-dots\"><\/span><span class=\"menu-price\">$9.00<\/span><\/h4><div class=\"menu-text\"> Cheese tortellini, sausage, garlic, carrots, zucchini <\/div><\/div><\/div><div class=\"menu-post clearfix\"><div class=\"menu-post-img\"><a href=\"https:\/\/nadidemeyhane.com\/wp-content\/uploads\/2017\/02\/cream-asparagus-soup-2.jpg\" class=\"lightbox\" title=\"Cream of Asparagus Soup\" data-elementor-open-lightbox=\"no\"><img loading=\"lazy\" decoding=\"async\" width=\"400\" height=\"400\" src=\"https:\/\/nadidemeyhane.com\/wp-content\/uploads\/2017\/02\/cream-asparagus-soup-2-400x400.jpg\" class=\"attachment-dina-menu-img size-dina-menu-img wp-post-image\" alt=\"\" srcset=\"https:\/\/nadidemeyhane.com\/wp-content\/uploads\/2017\/02\/cream-asparagus-soup-2-400x400.jpg 400w, https:\/\/nadidemeyhane.com\/wp-content\/uploads\/2017\/02\/cream-asparagus-soup-2-150x150.jpg 150w\" sizes=\"auto, (max-width: 400px) 100vw, 400px\" \/><\/a><\/div><div class=\"menu-post-desc\"><h4><span class=\"menu-title\">Cream of Asparagus Soup<\/span> <span class=\"menu-dots\"><\/span><span class=\"menu-price\">$10.00<\/span><\/h4><div class=\"menu-text\"> Asparagus, potato, celery, onion, pepper <\/div><\/div><\/div><div class=\"menu-post clearfix\"><div class=\"menu-post-img\"><a href=\"https:\/\/nadidemeyhane.com\/wp-content\/uploads\/2017\/02\/italian-sausage-soup-2.jpg\" class=\"lightbox\" title=\"Italian Sausage Soup\" data-elementor-open-lightbox=\"no\"><img loading=\"lazy\" decoding=\"async\" width=\"400\" height=\"400\" src=\"https:\/\/nadidemeyhane.com\/wp-content\/uploads\/2017\/02\/italian-sausage-soup-2-400x400.jpg\" class=\"attachment-dina-menu-img size-dina-menu-img wp-post-image\" alt=\"\" srcset=\"https:\/\/nadidemeyhane.com\/wp-content\/uploads\/2017\/02\/italian-sausage-soup-2-400x400.jpg 400w, https:\/\/nadidemeyhane.com\/wp-content\/uploads\/2017\/02\/italian-sausage-soup-2-150x150.jpg 150w\" sizes=\"auto, (max-width: 400px) 100vw, 400px\" \/><\/a><\/div><div class=\"menu-post-desc\"><h4><span class=\"menu-title\">Italian Sausage Soup<\/span> <span class=\"menu-dots\"><\/span><span class=\"menu-price\">$9.00<\/span><\/h4><div class=\"menu-text\"> Italian sausage, garlic, carrots, zucchini <\/div><\/div><\/div><div class=\"menu-post clearfix\"><div class=\"menu-post-img\"><a href=\"https:\/\/nadidemeyhane.com\/wp-content\/uploads\/2017\/02\/creamy-chicken-wild-rice-soup-2.jpg\" class=\"lightbox\" title=\"Creamy Chicken &#038; Wild Rice Soup\" data-elementor-open-lightbox=\"no\"><img loading=\"lazy\" decoding=\"async\" width=\"400\" height=\"400\" src=\"https:\/\/nadidemeyhane.com\/wp-content\/uploads\/2017\/02\/creamy-chicken-wild-rice-soup-2-400x400.jpg\" class=\"attachment-dina-menu-img size-dina-menu-img wp-post-image\" alt=\"\" srcset=\"https:\/\/nadidemeyhane.com\/wp-content\/uploads\/2017\/02\/creamy-chicken-wild-rice-soup-2-400x400.jpg 400w, https:\/\/nadidemeyhane.com\/wp-content\/uploads\/2017\/02\/creamy-chicken-wild-rice-soup-2-150x150.jpg 150w\" sizes=\"auto, (max-width: 400px) 100vw, 400px\" \/><\/a><\/div><div class=\"menu-post-desc\"><h4><span class=\"menu-title\">Creamy Chicken &#038; Wild Rice Soup<\/span> <span class=\"menu-dots\"><\/span><span class=\"menu-price\">$12.00<\/span><\/h4><div class=\"menu-text\"> Cooked chicken, salt, butter, heavy cream <\/div><\/div><\/div><div class=\"menu-post clearfix\"><div class=\"menu-post-img\"><a href=\"https:\/\/nadidemeyhane.com\/wp-content\/uploads\/2017\/02\/delicious-ham-potato-soup-1.jpg\" class=\"lightbox\" title=\"Ham and Potato Soup\" data-elementor-open-lightbox=\"no\"><img loading=\"lazy\" decoding=\"async\" width=\"400\" height=\"400\" src=\"https:\/\/nadidemeyhane.com\/wp-content\/uploads\/2017\/02\/delicious-ham-potato-soup-1-400x400.jpg\" class=\"attachment-dina-menu-img size-dina-menu-img wp-post-image\" alt=\"\" srcset=\"https:\/\/nadidemeyhane.com\/wp-content\/uploads\/2017\/02\/delicious-ham-potato-soup-1-400x400.jpg 400w, https:\/\/nadidemeyhane.com\/wp-content\/uploads\/2017\/02\/delicious-ham-potato-soup-1-150x150.jpg 150w\" sizes=\"auto, (max-width: 400px) 100vw, 400px\" \/><\/a><\/div><div class=\"menu-post-desc\"><h4><span class=\"menu-title\">Ham and Potato Soup<\/span> <span class=\"menu-dots\"><\/span><span class=\"menu-price\">$10.00<\/span><\/h4><div class=\"menu-text\"> Potatoes, ham, celery, onion, milk <\/div><\/div><\/div><\/div><\/div><\/li><li class=\"starters\"><h4 class=\"menu-title-section\"><a href=\"#starters\">Starters<\/a><\/h4><div id=\"starters\" class=\"menu-section\"><div class=\"menu-holder menu-2col menu-accordion\"><div class=\"menu-post clearfix\"><div class=\"menu-post-img\"><a href=\"https:\/\/nadidemeyhane.com\/wp-content\/uploads\/2017\/02\/double-tomato-bruschetta-2.jpg\" class=\"lightbox\" title=\"Tomato Bruschetta\" data-elementor-open-lightbox=\"no\"><img loading=\"lazy\" decoding=\"async\" width=\"400\" height=\"400\" src=\"https:\/\/nadidemeyhane.com\/wp-content\/uploads\/2017\/02\/double-tomato-bruschetta-2-400x400.jpg\" class=\"attachment-dina-menu-img size-dina-menu-img wp-post-image\" alt=\"\" srcset=\"https:\/\/nadidemeyhane.com\/wp-content\/uploads\/2017\/02\/double-tomato-bruschetta-2-400x400.jpg 400w, https:\/\/nadidemeyhane.com\/wp-content\/uploads\/2017\/02\/double-tomato-bruschetta-2-150x150.jpg 150w\" sizes=\"auto, (max-width: 400px) 100vw, 400px\" \/><\/a><\/div><div class=\"menu-post-desc\"><h4><span class=\"menu-title\">Tomato Bruschetta<\/span> <span class=\"menu-dots\"><\/span><span class=\"menu-price\">$4.00<\/span><\/h4><div class=\"menu-text\"> Tomatoes \/ Olive Oil \/ Cheese <\/div><\/div><\/div><div class=\"menu-post clearfix\"><div class=\"menu-post-img\"><a href=\"https:\/\/nadidemeyhane.com\/wp-content\/uploads\/2017\/02\/marinated-grilled-shrimp-2.jpg\" class=\"lightbox\" title=\"Marinated Grilled Shrimp\" data-elementor-open-lightbox=\"no\"><img loading=\"lazy\" decoding=\"async\" width=\"400\" height=\"400\" src=\"https:\/\/nadidemeyhane.com\/wp-content\/uploads\/2017\/02\/marinated-grilled-shrimp-2-400x400.jpg\" class=\"attachment-dina-menu-img size-dina-menu-img wp-post-image\" alt=\"\" srcset=\"https:\/\/nadidemeyhane.com\/wp-content\/uploads\/2017\/02\/marinated-grilled-shrimp-2-400x400.jpg 400w, https:\/\/nadidemeyhane.com\/wp-content\/uploads\/2017\/02\/marinated-grilled-shrimp-2-150x150.jpg 150w\" sizes=\"auto, (max-width: 400px) 100vw, 400px\" \/><\/a><\/div><div class=\"menu-post-desc\"><h4><span class=\"menu-title\">Marinated Grilled Shrimp<\/span> <span class=\"menu-dots\"><\/span><span class=\"menu-price\">$7.00<\/span><\/h4><div class=\"menu-text\"> Fresh Shrimp \/ Oive Oil \/  Tomato Sauce <\/div><\/div><\/div><div class=\"menu-post clearfix\"><div class=\"menu-post-img\"><a href=\"https:\/\/nadidemeyhane.com\/wp-content\/uploads\/2017\/02\/avocado-tomato-3.jpg\" class=\"lightbox\" title=\"Avocado &#038; Mango Salsa\" data-elementor-open-lightbox=\"no\"><img loading=\"lazy\" decoding=\"async\" width=\"400\" height=\"400\" src=\"https:\/\/nadidemeyhane.com\/wp-content\/uploads\/2017\/02\/avocado-tomato-3-400x400.jpg\" class=\"attachment-dina-menu-img size-dina-menu-img wp-post-image\" alt=\"\" srcset=\"https:\/\/nadidemeyhane.com\/wp-content\/uploads\/2017\/02\/avocado-tomato-3-400x400.jpg 400w, https:\/\/nadidemeyhane.com\/wp-content\/uploads\/2017\/02\/avocado-tomato-3-150x150.jpg 150w\" sizes=\"auto, (max-width: 400px) 100vw, 400px\" \/><\/a><\/div><div class=\"menu-post-desc\"><h4><span class=\"menu-title\">Avocado &#038; Mango Salsa<\/span> <span class=\"menu-dots\"><\/span><span class=\"menu-price\">$5.00<\/span><\/h4><div class=\"menu-text\"> Avocado \/ Mango \/ Tomatoes <\/div><\/div><\/div><div class=\"menu-post clearfix\"><div class=\"menu-post-img\"><a href=\"https:\/\/nadidemeyhane.com\/wp-content\/uploads\/2017\/02\/baked-potato-skins-2.jpg\" class=\"lightbox\" title=\"Baked Potato Skins\" data-elementor-open-lightbox=\"no\"><img loading=\"lazy\" decoding=\"async\" width=\"400\" height=\"400\" src=\"https:\/\/nadidemeyhane.com\/wp-content\/uploads\/2017\/02\/baked-potato-skins-2-400x400.jpg\" class=\"attachment-dina-menu-img size-dina-menu-img wp-post-image\" alt=\"\" srcset=\"https:\/\/nadidemeyhane.com\/wp-content\/uploads\/2017\/02\/baked-potato-skins-2-400x400.jpg 400w, https:\/\/nadidemeyhane.com\/wp-content\/uploads\/2017\/02\/baked-potato-skins-2-150x150.jpg 150w\" sizes=\"auto, (max-width: 400px) 100vw, 400px\" \/><\/a><\/div><div class=\"menu-post-desc\"><h4><span class=\"menu-title\">Baked Potato Skins<\/span> <span class=\"menu-dots\"><\/span><span class=\"menu-price\">$9.00<\/span><\/h4><div class=\"menu-text\"> Potatoes \/ Oil \/ Garlic <\/div><\/div><\/div><\/div><\/div><\/li><\/ul><\/div>\n\t\t\t\t<\/div>\n\t\t\t\t<\/div>\n\t\t\t\t\t<\/div>\n\t\t<\/div>\n\t\t\t\t\t\t\t<\/div>\n\t\t<\/section>\n\t\t\t\t\t\t\t<\/div>","protected":false},"excerpt":{"rendered":"<p>Don\u2019t act so surprised, Your Highness. You weren\u2019t on any mercy mission this time. Several transmissions were beamed to this ship by Rebel spies. I want to know what happened to the plans they sent you. What good is a reward if you ain\u2019t around. Makale Sponsorlu Renkli, parlak ve \u015f\u0131k \u00e7orap koleksiyonumuzda herkes i\u00e7in bir \u015feyler bulun. Evinize renk&#8230;<\/p>","protected":false},"author":1,"featured_media":417,"parent":0,"menu_order":0,"comment_status":"closed","ping_status":"closed","template":"my-templates\/template-fullscreen.php","meta":{"footnotes":""},"class_list":["post-286","page","type-page","status-publish","has-post-thumbnail","hentry"],"acf":[],"_links":{"self":[{"href":"https:\/\/nadidemeyhane.com\/en\/wp-json\/wp\/v2\/pages\/286","targetHints":{"allow":["GET"]}}],"collection":[{"href":"https:\/\/nadidemeyhane.com\/en\/wp-json\/wp\/v2\/pages"}],"about":[{"href":"https:\/\/nadidemeyhane.com\/en\/wp-json\/wp\/v2\/types\/page"}],"author":[{"embeddable":true,"href":"https:\/\/nadidemeyhane.com\/en\/wp-json\/wp\/v2\/users\/1"}],"replies":[{"embeddable":true,"href":"https:\/\/nadidemeyhane.com\/en\/wp-json\/wp\/v2\/comments?post=286"}],"version-history":[{"count":3,"href":"https:\/\/nadidemeyhane.com\/en\/wp-json\/wp\/v2\/pages\/286\/revisions"}],"predecessor-version":[{"id":1996,"href":"https:\/\/nadidemeyhane.com\/en\/wp-json\/wp\/v2\/pages\/286\/revisions\/1996"}],"wp:featuredmedia":[{"embeddable":true,"href":"https:\/\/nadidemeyhane.com\/en\/wp-json\/wp\/v2\/media\/417"}],"wp:attachment":[{"href":"https:\/\/nadidemeyhane.com\/en\/wp-json\/wp\/v2\/media?parent=286"}],"curies":[{"name":"wp","href":"https:\/\/api.w.org\/{rel}","templated":true}]}}