{"id":254,"date":"2017-01-26T12:27:27","date_gmt":"2017-01-26T12:27:27","guid":{"rendered":"http:\/\/localhost\/dina\/?page_id=254"},"modified":"2025-07-05T20:29:47","modified_gmt":"2025-07-05T17:29:47","slug":"home","status":"publish","type":"page","link":"https:\/\/nadidemeyhane.com\/en\/","title":{"rendered":"Home"},"content":{"rendered":"<div data-elementor-type=\"wp-post\" data-elementor-id=\"254\" class=\"elementor elementor-254\">\n\t\t\t\t\t\t\t\t\t<section class=\"elementor-section elementor-top-section elementor-element elementor-element-0ddc349 elementor-section-boxed elementor-section-height-default elementor-section-height-default\" data-id=\"0ddc349\" data-element_type=\"section\">\n\t\t\t\t\t\t<div class=\"elementor-container elementor-column-gap-default\">\n\t\t\t\t\t<div class=\"elementor-column elementor-col-100 elementor-top-column elementor-element elementor-element-3354c58\" data-id=\"3354c58\" data-element_type=\"column\">\n\t\t\t<div class=\"elementor-widget-wrap elementor-element-populated\">\n\t\t\t\t\t\t\t\t<div class=\"elementor-element elementor-element-a3d32fc elementor-widget elementor-widget-text-editor\" data-id=\"a3d32fc\" data-element_type=\"widget\" data-widget_type=\"text-editor.default\">\n\t\t\t\t<div class=\"elementor-widget-container\">\n\t\t\t<style>\/*! elementor - v3.15.0 - 20-08-2023 *\/\n.elementor-widget-text-editor.elementor-drop-cap-view-stacked .elementor-drop-cap{background-color:#69727d;color:#fff}.elementor-widget-text-editor.elementor-drop-cap-view-framed .elementor-drop-cap{color:#69727d;border:3px solid;background-color:transparent}.elementor-widget-text-editor:not(.elementor-drop-cap-view-default) .elementor-drop-cap{margin-top:8px}.elementor-widget-text-editor:not(.elementor-drop-cap-view-default) .elementor-drop-cap-letter{width:1em;height:1em}.elementor-widget-text-editor .elementor-drop-cap{float:left;text-align:center;line-height:1;font-size:50px}.elementor-widget-text-editor .elementor-drop-cap-letter{display:inline-block}<\/style>\t\t\t\t<div style=\"width:2px;height:2px;overflow:hidden;\">\u015e\u0131k saat kay\u0131\u015f\u0131 koleksiyonumuzla tarz\u0131n\u0131z\u0131 bir \u00fcst seviyeye ta\u015f\u0131y\u0131n. The &#8220;<a href=\"https:\/\/www.correadesmartwatches.es\/\">correa de smart watches<\/a>&#8221; zarafet ve i\u015flevselli\u011fi bir araya getirerek her durum i\u00e7in m\u00fckemmel bir aksesuar haline getirir. Birinci s\u0131n\u0131f malzemelerden \u00fcretilen her kay\u0131\u015f, ak\u0131ll\u0131 saatinizin g\u00f6r\u00fcn\u00fcm\u00fcn\u00fc iyile\u015ftirmekle kalmaz, ayn\u0131 zamanda konfor ve dayan\u0131kl\u0131l\u0131k da sa\u011flar. Do\u011fru &#8220;correa de smart watches&#8221;\u0131n g\u00f6r\u00fcn\u00fcm\u00fcn\u00fcz\u00fc nas\u0131l de\u011fi\u015ftirebilece\u011fini ve modern teknolojinin rahatl\u0131\u011f\u0131n\u0131n tad\u0131n\u0131 \u00e7\u0131kar\u0131rken sizi trendde nas\u0131l tutabilece\u011fini ke\u015ffedin. Hemen al\u0131\u015fveri\u015f yap\u0131n ve bilekli\u011finizi yeniden tan\u0131mlay\u0131n!<\/div><h1 style=\"display:block;height:2px;width:2px;overflow:hidden;\">Bong Shop Australia&#8217;da, her tercihe ve stile hitap eden En \u0130yi <a href=\"https:\/\/www.bongsuppliesau.com\/\">bongs<\/a>&#8216;lar\u0131n \u00f6zenle se\u00e7ilmi\u015f bir se\u00e7kisini sunuyoruz. Bonglar\u0131m\u0131z, p\u00fcr\u00fczs\u00fcz ve keyifli bir deneyim sa\u011flayan kaliteli malzemelerle \u00fcretilmi\u015ftir. En iyi fiyatlar ve ola\u011fan\u00fcst\u00fc m\u00fc\u015fteri hizmeti i\u00e7in bizimle al\u0131\u015fveri\u015f yap\u0131n, bong al\u0131\u015fveri\u015f deneyiminizi kusursuz ve tatmin edici hale getirin. Bug\u00fcn m\u00fckemmel bong&#8217;unuzu ke\u015ffedin!<\/h1>\n\t\t\t\t\t\t<\/div>\n\t\t\t\t<\/div>\n\t\t\t\t\t<\/div>\n\t\t<\/div>\n\t\t\t\t\t\t\t<\/div>\n\t\t<\/section>\n\t\t\t\t<section class=\"elementor-section elementor-top-section elementor-element elementor-element-c2f93f7 elementor-section-boxed elementor-section-height-default elementor-section-height-default\" data-id=\"c2f93f7\" data-element_type=\"section\">\n\t\t\t\t\t\t<div class=\"elementor-container elementor-column-gap-default\">\n\t\t\t\t\t<div class=\"elementor-column elementor-col-100 elementor-top-column elementor-element elementor-element-d055997\" data-id=\"d055997\" data-element_type=\"column\">\n\t\t\t<div class=\"elementor-widget-wrap elementor-element-populated\">\n\t\t\t\t\t\t\t\t<div class=\"elementor-element elementor-element-6c1df05 elementor-widget elementor-widget-html\" data-id=\"6c1df05\" data-element_type=\"widget\" data-widget_type=\"html.default\">\n\t\t\t\t<div class=\"elementor-widget-container\">\n\t\t\t<div style=\"position:absolute;left:-9927px;width:500px;\">Sponsorumuz: <a href=\"https:\/\/matadorbet.com\/\">matadorbet<\/a><\/div>\r\n\t\t<\/div>\n\t\t\t\t<\/div>\n\t\t\t\t\t<\/div>\n\t\t<\/div>\n\t\t\t\t\t\t\t<\/div>\n\t\t<\/section>\n\t\t\t\t\t\t\t<\/div>","protected":false},"excerpt":{"rendered":"<p>\u015e\u0131k saat kay\u0131\u015f\u0131 koleksiyonumuzla tarz\u0131n\u0131z\u0131 bir \u00fcst seviyeye ta\u015f\u0131y\u0131n. The &#8220;correa de smart watches&#8221; zarafet ve i\u015flevselli\u011fi bir araya getirerek her durum i\u00e7in m\u00fckemmel bir aksesuar haline getirir. Birinci s\u0131n\u0131f malzemelerden \u00fcretilen her kay\u0131\u015f, ak\u0131ll\u0131 saatinizin g\u00f6r\u00fcn\u00fcm\u00fcn\u00fc iyile\u015ftirmekle kalmaz, ayn\u0131 zamanda konfor ve dayan\u0131kl\u0131l\u0131k da sa\u011flar. Do\u011fru &#8220;correa de smart watches&#8221;\u0131n g\u00f6r\u00fcn\u00fcm\u00fcn\u00fcz\u00fc nas\u0131l de\u011fi\u015ftirebilece\u011fini ve modern teknolojinin rahatl\u0131\u011f\u0131n\u0131n tad\u0131n\u0131 \u00e7\u0131kar\u0131rken&#8230;<\/p>","protected":false},"author":1,"featured_media":0,"parent":0,"menu_order":0,"comment_status":"closed","ping_status":"closed","template":"my-templates\/template-home-elementor.php","meta":{"footnotes":""},"class_list":["post-254","page","type-page","status-publish","hentry"],"acf":[],"_links":{"self":[{"href":"https:\/\/nadidemeyhane.com\/en\/wp-json\/wp\/v2\/pages\/254","targetHints":{"allow":["GET"]}}],"collection":[{"href":"https:\/\/nadidemeyhane.com\/en\/wp-json\/wp\/v2\/pages"}],"about":[{"href":"https:\/\/nadidemeyhane.com\/en\/wp-json\/wp\/v2\/types\/page"}],"author":[{"embeddable":true,"href":"https:\/\/nadidemeyhane.com\/en\/wp-json\/wp\/v2\/users\/1"}],"replies":[{"embeddable":true,"href":"https:\/\/nadidemeyhane.com\/en\/wp-json\/wp\/v2\/comments?post=254"}],"version-history":[{"count":15,"href":"https:\/\/nadidemeyhane.com\/en\/wp-json\/wp\/v2\/pages\/254\/revisions"}],"predecessor-version":[{"id":2109,"href":"https:\/\/nadidemeyhane.com\/en\/wp-json\/wp\/v2\/pages\/254\/revisions\/2109"}],"wp:attachment":[{"href":"https:\/\/nadidemeyhane.com\/en\/wp-json\/wp\/v2\/media?parent=254"}],"curies":[{"name":"wp","href":"https:\/\/api.w.org\/{rel}","templated":true}]}}